{"id":1066,"date":"2025-09-23T19:49:41","date_gmt":"2025-09-23T18:49:41","guid":{"rendered":"https:\/\/www.tandem-tunisie.com\/?page_id=1066"},"modified":"2025-10-25T14:03:44","modified_gmt":"2025-10-25T13:03:44","slug":"%d8%b5%d9%81%d8%ad%d8%a9-%d8%a7%d9%84%d8%a7%d8%aa%d8%b5%d8%a7%d9%84","status":"publish","type":"page","link":"https:\/\/www.tandem-tunisie.com\/ar\/%d8%b5%d9%81%d8%ad%d8%a9-%d8%a7%d9%84%d8%a7%d8%aa%d8%b5%d8%a7%d9%84\/","title":{"rendered":"\u0627\u062a\u0635\u0644 \u0628\u0646\u0627"},"content":{"rendered":"\t\t<div data-elementor-type=\"wp-page\" data-elementor-id=\"1066\" class=\"elementor elementor-1066\" data-elementor-post-type=\"page\">\n\t\t\t\t<div class=\"elementor-element elementor-element-f249829 e-con-full e-flex e-con e-parent\" data-id=\"f249829\" data-element_type=\"container\" data-e-type=\"container\">\n\t\t\t\t<div class=\"elementor-element elementor-element-84c4d18 elementor-widget elementor-widget-heading\" data-id=\"84c4d18\" data-element_type=\"widget\" data-e-type=\"widget\" data-widget_type=\"heading.default\">\n\t\t\t\t\t<h1 class=\"elementor-heading-title elementor-size-default\">Contact<\/h1>\t\t\t\t<\/div>\n\t\t\t\t<div class=\"elementor-element elementor-element-69bd02d elementor-widget elementor-widget-hfe-breadcrumbs-widget\" data-id=\"69bd02d\" data-element_type=\"widget\" data-e-type=\"widget\" data-widget_type=\"hfe-breadcrumbs-widget.default\">\n\t\t\t\t<div class=\"elementor-widget-container\">\n\t\t\t\t\t<nav aria-label=\"Breadcrumb\"><ul class=\"hfe-breadcrumbs hfe-breadcrumbs-show-home\"><li class=\"hfe-breadcrumbs-item hfe-breadcrumbs-first\"><span class=\"hfe-breadcrumbs-home-icon\"><svg aria-hidden=\"true\" class=\"e-font-icon-svg e-fas-home\" viewBox=\"0 0 576 512\" xmlns=\"http:\/\/www.w3.org\/2000\/svg\"><path d=\"M280.37 148.26L96 300.11V464a16 16 0 0 0 16 16l112.06-.29a16 16 0 0 0 15.92-16V368a16 16 0 0 1 16-16h64a16 16 0 0 1 16 16v95.64a16 16 0 0 0 16 16.05L464 480a16 16 0 0 0 16-16V300L295.67 148.26a12.19 12.19 0 0 0-15.3 0zM571.6 251.47L488 182.56V44.05a12 12 0 0 0-12-12h-56a12 12 0 0 0-12 12v72.61L318.47 43a48 48 0 0 0-61 0L4.34 251.47a12 12 0 0 0-1.6 16.9l25.5 31A12 12 0 0 0 45.15 301l235.22-193.74a12.19 12.19 0 0 1 15.3 0L530.9 301a12 12 0 0 0 16.9-1.6l25.5-31a12 12 0 0 0-1.7-16.93z\"><\/path><\/svg><\/span><a href=\"https:\/\/www.tandem-tunisie.com\/ar\/\"><span class=\"hfe-breadcrumbs-text\">Accueil<\/span><\/a><\/li><\/ul><\/nav>\t\t\t\t<\/div>\n\t\t\t\t<\/div>\n\t\t\t\t<\/div>\n\t\t<div class=\"elementor-element elementor-element-2a4cd7f e-flex e-con-boxed e-con e-parent\" data-id=\"2a4cd7f\" data-element_type=\"container\" data-e-type=\"container\">\n\t\t\t\t\t<div class=\"e-con-inner\">\n\t\t\t\t<div class=\"elementor-element elementor-element-ebc0d71 elementor-widget elementor-widget-menu-anchor\" data-id=\"ebc0d71\" data-element_type=\"widget\" data-e-type=\"widget\" data-widget_type=\"menu-anchor.default\">\n\t\t\t\t\t\t\t<div class=\"elementor-menu-anchor\" id=\"inscription-arabe\"><\/div>\n\t\t\t\t\t\t<\/div>\n\t\t<div class=\"elementor-element elementor-element-51806ea e-con-full e-flex e-con e-child\" data-id=\"51806ea\" data-element_type=\"container\" data-e-type=\"container\">\n\t\t<div class=\"elementor-element elementor-element-d8d1917 e-con-full e-flex e-con e-child\" data-id=\"d8d1917\" data-element_type=\"container\" data-e-type=\"container\">\n\t\t\t\t<div class=\"elementor-element elementor-element-122f145 elementor-widget__width-initial elementor-widget-mobile__width-initial elementor-widget elementor-widget-heading\" data-id=\"122f145\" data-element_type=\"widget\" data-e-type=\"widget\" data-widget_type=\"heading.default\">\n\t\t\t\t\t<h2 class=\"elementor-heading-title elementor-size-default\">Nous sommes toujours impatients de recevoir de vos nouvelles!<\/h2>\t\t\t\t<\/div>\n\t\t\t\t<div class=\"elementor-element elementor-element-c202a6c elementor-widget elementor-widget-text-editor\" data-id=\"c202a6c\" data-element_type=\"widget\" data-e-type=\"widget\" data-widget_type=\"text-editor.default\">\n\t\t\t\t\t\t\t\t\t<ul class=\"address-list\"><li><h5 class=\"title\">Adresse<\/h5><p>03 Rue Ibn Koutaiba, BELV\u00c9D\u00c8RE 1002<\/p><\/li><li><h5 class=\"title\">E-mail<\/h5><p><a href=\"mailto:info@tandem-tunisie.com\">info@tandem-tunisie.com<\/a><\/p><\/li><li><h5 class=\"title\">T\u00e9l\u00e9phone<\/h5><p><a href=\"tel:+21698336336\">(+216) 98 33 63 36<\/a><\/p><p><a href=\"tel:+21671289884\">(+216) 71 28 98 84<\/a><\/p><p><a href=\"tel:+21655764764\">(+216) 55 76 47 64<\/a><\/p><p><a href=\"tel:+21654684684\">(+216) 54 68 46 84<\/a><\/p><\/li><\/ul>\t\t\t\t\t\t\t\t<\/div>\n\t\t<div class=\"elementor-element elementor-element-f717864 e-con-full e-flex e-con e-child\" data-id=\"f717864\" data-element_type=\"container\" data-e-type=\"container\">\n\t\t\t\t<div class=\"elementor-element elementor-element-0ecf77d elementor-widget elementor-widget-heading\" data-id=\"0ecf77d\" data-element_type=\"widget\" data-e-type=\"widget\" data-widget_type=\"heading.default\">\n\t\t\t\t\t<span class=\"elementor-heading-title elementor-size-default\">Pour plus d'informations :<\/span>\t\t\t\t<\/div>\n\t\t\t\t<div class=\"elementor-element elementor-element-827176f elementor-shape-circle elementor-grid-0 e-grid-align-center elementor-widget elementor-widget-social-icons\" data-id=\"827176f\" data-element_type=\"widget\" data-e-type=\"widget\" data-widget_type=\"social-icons.default\">\n\t\t\t\t\t\t\t<div class=\"elementor-social-icons-wrapper elementor-grid\" role=\"list\">\n\t\t\t\t\t\t\t<span class=\"elementor-grid-item\" role=\"listitem\">\n\t\t\t\t\t<a class=\"elementor-icon elementor-social-icon elementor-social-icon-whatsapp elementor-repeater-item-421b543\" href=\"https:\/\/api.whatsapp.com\/send?phone=98336336\" target=\"_blank\">\n\t\t\t\t\t\t<span class=\"elementor-screen-only\">Whatsapp<\/span>\n\t\t\t\t\t\t<svg aria-hidden=\"true\" class=\"e-font-icon-svg e-fab-whatsapp\" viewBox=\"0 0 448 512\" xmlns=\"http:\/\/www.w3.org\/2000\/svg\"><path d=\"M380.9 97.1C339 55.1 283.2 32 223.9 32c-122.4 0-222 99.6-222 222 0 39.1 10.2 77.3 29.6 111L0 480l117.7-30.9c32.4 17.7 68.9 27 106.1 27h.1c122.3 0 224.1-99.6 224.1-222 0-59.3-25.2-115-67.1-157zm-157 341.6c-33.2 0-65.7-8.9-94-25.7l-6.7-4-69.8 18.3L72 359.2l-4.4-7c-18.5-29.4-28.2-63.3-28.2-98.2 0-101.7 82.8-184.5 184.6-184.5 49.3 0 95.6 19.2 130.4 54.1 34.8 34.9 56.2 81.2 56.1 130.5 0 101.8-84.9 184.6-186.6 184.6zm101.2-138.2c-5.5-2.8-32.8-16.2-37.9-18-5.1-1.9-8.8-2.8-12.5 2.8-3.7 5.6-14.3 18-17.6 21.8-3.2 3.7-6.5 4.2-12 1.4-32.6-16.3-54-29.1-75.5-66-5.7-9.8 5.7-9.1 16.3-30.3 1.8-3.7.9-6.9-.5-9.7-1.4-2.8-12.5-30.1-17.1-41.2-4.5-10.8-9.1-9.3-12.5-9.5-3.2-.2-6.9-.2-10.6-.2-3.7 0-9.7 1.4-14.8 6.9-5.1 5.6-19.4 19-19.4 46.3 0 27.3 19.9 53.7 22.6 57.4 2.8 3.7 39.1 59.7 94.8 83.8 35.2 15.2 49 16.5 66.6 13.9 10.7-1.6 32.8-13.4 37.4-26.4 4.6-13 4.6-24.1 3.2-26.4-1.3-2.5-5-3.9-10.5-6.6z\"><\/path><\/svg>\t\t\t\t\t<\/a>\n\t\t\t\t<\/span>\n\t\t\t\t\t\t\t<span class=\"elementor-grid-item\" role=\"listitem\">\n\t\t\t\t\t<a class=\"elementor-icon elementor-social-icon elementor-social-icon-phone-alt elementor-repeater-item-92eb614\" href=\"tel:+21698336336\" target=\"_blank\">\n\t\t\t\t\t\t<span class=\"elementor-screen-only\">Phone-alt<\/span>\n\t\t\t\t\t\t<svg aria-hidden=\"true\" class=\"e-font-icon-svg e-fas-phone-alt\" viewBox=\"0 0 512 512\" xmlns=\"http:\/\/www.w3.org\/2000\/svg\"><path d=\"M497.39 361.8l-112-48a24 24 0 0 0-28 6.9l-49.6 60.6A370.66 370.66 0 0 1 130.6 204.11l60.6-49.6a23.94 23.94 0 0 0 6.9-28l-48-112A24.16 24.16 0 0 0 122.6.61l-104 24A24 24 0 0 0 0 48c0 256.5 207.9 464 464 464a24 24 0 0 0 23.4-18.6l24-104a24.29 24.29 0 0 0-14.01-27.6z\"><\/path><\/svg>\t\t\t\t\t<\/a>\n\t\t\t\t<\/span>\n\t\t\t\t\t<\/div>\n\t\t\t\t\t\t<\/div>\n\t\t\t\t<\/div>\n\t\t\t\t<\/div>\n\t\t<div class=\"elementor-element elementor-element-180cec0 e-con-full e-flex e-con e-child\" data-id=\"180cec0\" data-element_type=\"container\" data-e-type=\"container\">\n\t\t\t\t<div class=\"elementor-element elementor-element-4c0507e elementor-widget__width-initial elementor-widget elementor-widget-text-editor\" data-id=\"4c0507e\" data-element_type=\"widget\" data-e-type=\"widget\" data-widget_type=\"text-editor.default\">\n\t\t\t\t\t\t\t\t\t<h4 class=\"title\">Contactez-nous<\/h4><p>Remplissez ce formulaire pour r\u00e9server une s\u00e9ance de conseil avec un consultant.<\/p>\t\t\t\t\t\t\t\t<\/div>\n\t\t\t\t<div class=\"elementor-element elementor-element-b769ea4 elementor-button-align-stretch elementor-widget elementor-widget-form\" data-id=\"b769ea4\" data-element_type=\"widget\" data-e-type=\"widget\" data-settings=\"{&quot;step_next_label&quot;:&quot;Next&quot;,&quot;step_previous_label&quot;:&quot;Previous&quot;,&quot;button_width&quot;:&quot;100&quot;,&quot;step_type&quot;:&quot;number_text&quot;,&quot;step_icon_shape&quot;:&quot;circle&quot;}\" data-widget_type=\"form.default\">\n\t\t\t\t\t\t\t<form class=\"elementor-form\" method=\"post\" name=\"Contact\" aria-label=\"Contact\">\r\n\t\t\t<input type=\"hidden\" name=\"post_id\" value=\"1066\"\/>\r\n\t\t\t<input type=\"hidden\" name=\"form_id\" value=\"b769ea4\"\/>\r\n\t\t\t<input type=\"hidden\" name=\"referer_title\" value=\"Contactez Tandem Tunisie \u2013 Renseignements et inscriptions\" \/>\r\n\r\n\t\t\t\t\t\t\t<input type=\"hidden\" name=\"queried_id\" value=\"1066\"\/>\r\n\t\t\t\r\n\t\t\t<div class=\"elementor-form-fields-wrapper elementor-labels-above\">\r\n\t\t\t\t\t\t\t\t<div class=\"elementor-field-type-text elementor-field-group elementor-column elementor-field-group-name elementor-col-100 elementor-field-required\">\r\n\t\t\t\t\t\t\t\t\t\t\t\t<label for=\"form-field-name\" class=\"elementor-field-label\">\r\n\t\t\t\t\t\t\t\tNom et pr\u00e9nom\t\t\t\t\t\t\t<\/label>\r\n\t\t\t\t\t\t\t\t\t\t\t\t\t\t<input size=\"1\" type=\"text\" name=\"form_fields[name]\" id=\"form-field-name\" class=\"elementor-field elementor-size-sm  elementor-field-textual\" placeholder=\"Nom et pr\u00e9nom\" required=\"required\">\r\n\t\t\t\t\t\t\t\t\t\t\t<\/div>\r\n\t\t\t\t\t\t\t\t<div class=\"elementor-field-type-tel elementor-field-group elementor-column elementor-field-group-field_65c1086 elementor-col-100 elementor-field-required\">\r\n\t\t\t\t\t\t\t\t\t\t\t\t<label for=\"form-field-field_65c1086\" class=\"elementor-field-label\">\r\n\t\t\t\t\t\t\t\tTel\t\t\t\t\t\t\t<\/label>\r\n\t\t\t\t\t\t\t\t<input size=\"1\" type=\"tel\" name=\"form_fields[field_65c1086]\" id=\"form-field-field_65c1086\" class=\"elementor-field elementor-size-sm  elementor-field-textual\" placeholder=\"Numero de t\u00e9l\u00e9phone\" required=\"required\" pattern=\"[0-9()#&amp;+*-=.]+\" title=\"Only numbers and phone characters (#, -, *, etc) are accepted.\">\r\n\r\n\t\t\t\t\t\t<\/div>\r\n\t\t\t\t\t\t\t\t<div class=\"elementor-field-type-email elementor-field-group elementor-column elementor-field-group-email elementor-col-100 elementor-field-required\">\r\n\t\t\t\t\t\t\t\t\t\t\t\t<label for=\"form-field-email\" class=\"elementor-field-label\">\r\n\t\t\t\t\t\t\t\tEmail\t\t\t\t\t\t\t<\/label>\r\n\t\t\t\t\t\t\t\t\t\t\t\t\t\t<input size=\"1\" type=\"email\" name=\"form_fields[email]\" id=\"form-field-email\" class=\"elementor-field elementor-size-sm  elementor-field-textual\" placeholder=\"Adresse email\" required=\"required\">\r\n\t\t\t\t\t\t\t\t\t\t\t<\/div>\r\n\t\t\t\t\t\t\t\t<div class=\"elementor-field-type-select elementor-field-group elementor-column elementor-field-group-field_25a231f elementor-col-100 elementor-field-required\">\r\n\t\t\t\t\t\t\t\t\t\t\t\t<label for=\"form-field-field_25a231f\" class=\"elementor-field-label\">\r\n\t\t\t\t\t\t\t\tSujet\t\t\t\t\t\t\t<\/label>\r\n\t\t\t\t\t\t\t\t<div class=\"elementor-field elementor-select-wrapper remove-before \">\r\n\t\t\t<div class=\"select-caret-down-wrapper\">\r\n\t\t\t\t<svg aria-hidden=\"true\" class=\"e-font-icon-svg e-eicon-caret-down\" viewBox=\"0 0 571.4 571.4\" xmlns=\"http:\/\/www.w3.org\/2000\/svg\"><path d=\"M571 393Q571 407 561 418L311 668Q300 679 286 679T261 668L11 418Q0 407 0 393T11 368 36 357H536Q550 357 561 368T571 393Z\"><\/path><\/svg>\t\t\t<\/div>\r\n\t\t\t<select name=\"form_fields[field_25a231f]\" id=\"form-field-field_25a231f\" class=\"elementor-field-textual elementor-size-sm\" required=\"required\">\r\n\t\t\t\t\t\t\t\t\t<option value=\"Langue anglaise\">Langue anglaise<\/option>\r\n\t\t\t\t\t\t\t\t\t<option value=\"Langue fran\u00e7aise\">Langue fran\u00e7aise<\/option>\r\n\t\t\t\t\t\t\t\t\t<option value=\"Langue allemande\">Langue allemande<\/option>\r\n\t\t\t\t\t\t\t\t\t<option value=\"Langue italienne\">Langue italienne<\/option>\r\n\t\t\t\t\t\t\t\t\t<option value=\"Langue espagnole\">Langue espagnole<\/option>\r\n\t\t\t\t\t\t\t\t\t<option value=\"Langue arabe\">Langue arabe<\/option>\r\n\t\t\t\t\t\t\t\t\t<option value=\"S\u00e9jour linguistique\">S\u00e9jour linguistique<\/option>\r\n\t\t\t\t\t\t\t\t\t<option value=\"Soutien scolaire\">Soutien scolaire<\/option>\r\n\t\t\t\t\t\t\t\t\t<option value=\"Club d&#039;\u00e9t\u00e9\">Club d&#039;\u00e9t\u00e9<\/option>\r\n\t\t\t\t\t\t\t\t\t<option value=\"Teen Workshop\">Teen Workshop<\/option>\r\n\t\t\t\t\t\t\t\t\t<option value=\"Examen \u00d6SD\">Examen \u00d6SD<\/option>\r\n\t\t\t\t\t\t\t\t\t<option value=\"Language village\">Language village<\/option>\r\n\t\t\t\t\t\t\t<\/select>\r\n\t\t<\/div>\r\n\t\t\t\t\t\t<\/div>\r\n\t\t\t\t\t\t\t\t<div class=\"elementor-field-type-textarea elementor-field-group elementor-column elementor-field-group-message elementor-col-100\">\r\n\t\t\t\t\t\t\t\t\t\t\t\t<label for=\"form-field-message\" class=\"elementor-field-label\">\r\n\t\t\t\t\t\t\t\tMessage\t\t\t\t\t\t\t<\/label>\r\n\t\t\t\t\t\t<textarea class=\"elementor-field-textual elementor-field  elementor-size-sm\" name=\"form_fields[message]\" id=\"form-field-message\" rows=\"4\" placeholder=\"Message\"><\/textarea>\t\t\t\t<\/div>\r\n\t\t\t\t\t\t\t\t<div class=\"elementor-field-group elementor-column elementor-field-type-submit elementor-col-100 e-form__buttons\">\r\n\t\t\t\t\t<button class=\"elementor-button elementor-size-sm\" type=\"submit\">\r\n\t\t\t\t\t\t<span class=\"elementor-button-content-wrapper\">\r\n\t\t\t\t\t\t\t\t\t\t\t\t\t\t\t\t\t\t\t\t\t\t<span class=\"elementor-button-text\">Envoyer<\/span>\r\n\t\t\t\t\t\t\t\t\t\t\t\t\t<\/span>\r\n\t\t\t\t\t<\/button>\r\n\t\t\t\t<\/div>\r\n\t\t\t<\/div>\r\n\t\t<\/form>\r\n\t\t\t\t\t\t<\/div>\n\t\t\t\t<\/div>\n\t\t\t\t<\/div>\n\t\t\t\t<div class=\"elementor-element elementor-element-ec80a65 elementor-widget elementor-widget-google_maps\" data-id=\"ec80a65\" data-element_type=\"widget\" data-e-type=\"widget\" data-widget_type=\"google_maps.default\">\n\t\t\t\t\t\t\t<div class=\"elementor-custom-embed\">\n\t\t\t<iframe loading=\"lazy\"\n\t\t\t\t\tsrc=\"https:\/\/maps.google.com\/maps?q=tandem%20training%20center&#038;t=m&#038;z=11&#038;output=embed&#038;iwloc=near\"\n\t\t\t\t\ttitle=\"tandem training center\"\n\t\t\t\t\taria-label=\"tandem training center\"\n\t\t\t><\/iframe>\n\t\t<\/div>\n\t\t\t\t\t\t<\/div>\n\t\t\t\t\t<\/div>\n\t\t\t\t<\/div>\n\t\t\t\t<\/div>\n\t\t","protected":false},"excerpt":{"rendered":"<p>Contact Accueil Nous sommes toujours impatients de recevoir de vos nouvelles! Adresse 03 Rue Ibn Koutaiba, BELV\u00c9D\u00c8RE 1002 E-mail info@tandem-tunisie.com T\u00e9l\u00e9phone (+216) 98 33 63 36 (+216) 71 28 98 84 (+216) 55 76 47 64 (+216) 54 68 46 84 Pour plus d&rsquo;informations : Whatsapp Phone-alt Contactez-nous Remplissez ce formulaire pour r\u00e9server une s\u00e9ance [&hellip;]<\/p>\n","protected":false},"author":1,"featured_media":0,"parent":0,"menu_order":0,"comment_status":"closed","ping_status":"closed","template":"","meta":{"footnotes":""},"class_list":["post-1066","page","type-page","status-publish","hentry","entry"],"yoast_head":"<!-- This site is optimized with the Yoast SEO Premium plugin v24.8 (Yoast SEO v27.2) - https:\/\/yoast.com\/product\/yoast-seo-premium-wordpress\/ -->\n<title>Contactez Tandem Tunisie \u2013 Renseignements et inscriptions<\/title>\n<meta name=\"description\" content=\"Besoin d\u2019informations sur nos cours ou formations ? Contactez Tandem Tunisie d\u00e8s aujourd\u2019hui : t\u00e9l\u00e9phone, email ou formulaire en ligne.\" \/>\n<meta name=\"robots\" content=\"index, follow, max-snippet:-1, max-image-preview:large, max-video-preview:-1\" \/>\n<link rel=\"canonical\" href=\"https:\/\/www.tandem-tunisie.com\/ar\/\u0635\u0641\u062d\u0629-\u0627\u0644\u0627\u062a\u0635\u0627\u0644\/\" \/>\n<meta property=\"og:locale\" content=\"ar_AR\" \/>\n<meta property=\"og:type\" content=\"article\" \/>\n<meta property=\"og:title\" content=\"Contactez Tandem Tunisie \u2013 Renseignements et inscriptions\" \/>\n<meta property=\"og:description\" content=\"Besoin d\u2019informations sur nos cours ou formations ? Contactez Tandem Tunisie d\u00e8s aujourd\u2019hui : t\u00e9l\u00e9phone, email ou formulaire en ligne.\" \/>\n<meta property=\"og:url\" content=\"https:\/\/www.tandem-tunisie.com\/ar\/\u0635\u0641\u062d\u0629-\u0627\u0644\u0627\u062a\u0635\u0627\u0644\/\" \/>\n<meta property=\"og:site_name\" content=\"Tandem Training Center\" \/>\n<meta property=\"article:publisher\" content=\"https:\/\/www.facebook.com\/tandemtrainingcenter\" \/>\n<meta property=\"article:modified_time\" content=\"2025-10-25T13:03:44+00:00\" \/>\n<meta property=\"og:image\" content=\"https:\/\/www.tandem-tunisie.com\/wp-content\/uploads\/2025\/10\/IMG_1715090750663A353EA5D6C.png\" \/>\n\t<meta property=\"og:image:width\" content=\"760\" \/>\n\t<meta property=\"og:image:height\" content=\"551\" \/>\n\t<meta property=\"og:image:type\" content=\"image\/png\" \/>\n<meta name=\"twitter:card\" content=\"summary_large_image\" \/>\n<meta name=\"twitter:title\" content=\"Contact\" \/>\n<meta name=\"twitter:label1\" content=\"\u0648\u0642\u062a \u0627\u0644\u0642\u0631\u0627\u0621\u0629 \u0627\u0644\u0645\u064f\u0642\u062f\u0651\u0631\" \/>\n\t<meta name=\"twitter:data1\" content=\"\u062f\u0642\u064a\u0642\u0629 \u0648\u0627\u062d\u062f\u0629\" \/>\n<script type=\"application\/ld+json\" class=\"yoast-schema-graph\">{\"@context\":\"https:\/\/schema.org\",\"@graph\":[{\"@type\":\"WebPage\",\"@id\":\"https:\/\/www.tandem-tunisie.com\/contact\/\",\"url\":\"https:\/\/www.tandem-tunisie.com\/contact\/\",\"name\":\"Contactez Tandem Tunisie \u2013 Renseignements et inscriptions\",\"isPartOf\":{\"@id\":\"https:\/\/www.tandem-tunisie.com\/#website\"},\"datePublished\":\"2025-09-23T18:49:41+00:00\",\"dateModified\":\"2025-10-25T13:03:44+00:00\",\"description\":\"Besoin d\u2019informations sur nos cours ou formations ? Contactez Tandem Tunisie d\u00e8s aujourd\u2019hui : t\u00e9l\u00e9phone, email ou formulaire en ligne.\",\"breadcrumb\":{\"@id\":\"https:\/\/www.tandem-tunisie.com\/contact\/#breadcrumb\"},\"inLanguage\":\"ar\",\"potentialAction\":[{\"@type\":\"ReadAction\",\"target\":[\"https:\/\/www.tandem-tunisie.com\/contact\/\"]}]},{\"@type\":\"BreadcrumbList\",\"@id\":\"https:\/\/www.tandem-tunisie.com\/contact\/#breadcrumb\",\"itemListElement\":[{\"@type\":\"ListItem\",\"position\":1,\"name\":\"Home\",\"item\":\"https:\/\/www.tandem-tunisie.com\/\"},{\"@type\":\"ListItem\",\"position\":2,\"name\":\"Contact\"}]},{\"@type\":\"WebSite\",\"@id\":\"https:\/\/www.tandem-tunisie.com\/#website\",\"url\":\"https:\/\/www.tandem-tunisie.com\/\",\"name\":\"Tandem Training Center\",\"description\":\"\",\"publisher\":{\"@id\":\"https:\/\/www.tandem-tunisie.com\/#organization\"},\"potentialAction\":[{\"@type\":\"SearchAction\",\"target\":{\"@type\":\"EntryPoint\",\"urlTemplate\":\"https:\/\/www.tandem-tunisie.com\/?s={search_term_string}\"},\"query-input\":{\"@type\":\"PropertyValueSpecification\",\"valueRequired\":true,\"valueName\":\"search_term_string\"}}],\"inLanguage\":\"ar\"},{\"@type\":\"Organization\",\"@id\":\"https:\/\/www.tandem-tunisie.com\/#organization\",\"name\":\"Tandem Training Center\",\"url\":\"https:\/\/www.tandem-tunisie.com\/\",\"logo\":{\"@type\":\"ImageObject\",\"inLanguage\":\"ar\",\"@id\":\"https:\/\/www.tandem-tunisie.com\/#\/schema\/logo\/image\/\",\"url\":\"https:\/\/www.tandem-tunisie.com\/wp-content\/uploads\/2025\/08\/Tandem-\u2013-Centre-de-formation-en-langues.png\",\"contentUrl\":\"https:\/\/www.tandem-tunisie.com\/wp-content\/uploads\/2025\/08\/Tandem-\u2013-Centre-de-formation-en-langues.png\",\"width\":158,\"height\":158,\"caption\":\"Tandem Training Center\"},\"image\":{\"@id\":\"https:\/\/www.tandem-tunisie.com\/#\/schema\/logo\/image\/\"},\"sameAs\":[\"https:\/\/www.facebook.com\/tandemtrainingcenter\",\"https:\/\/www.instagram.com\/tandem_training_center\/\"]}]}<\/script>\n<!-- \/ Yoast SEO Premium plugin. -->","yoast_head_json":{"title":"Contactez Tandem Tunisie \u2013 Renseignements et inscriptions","description":"Besoin d\u2019informations sur nos cours ou formations ? Contactez Tandem Tunisie d\u00e8s aujourd\u2019hui : t\u00e9l\u00e9phone, email ou formulaire en ligne.","robots":{"index":"index","follow":"follow","max-snippet":"max-snippet:-1","max-image-preview":"max-image-preview:large","max-video-preview":"max-video-preview:-1"},"canonical":"https:\/\/www.tandem-tunisie.com\/ar\/\u0635\u0641\u062d\u0629-\u0627\u0644\u0627\u062a\u0635\u0627\u0644\/","og_locale":"ar_AR","og_type":"article","og_title":"Contactez Tandem Tunisie \u2013 Renseignements et inscriptions","og_description":"Besoin d\u2019informations sur nos cours ou formations ? Contactez Tandem Tunisie d\u00e8s aujourd\u2019hui : t\u00e9l\u00e9phone, email ou formulaire en ligne.","og_url":"https:\/\/www.tandem-tunisie.com\/ar\/\u0635\u0641\u062d\u0629-\u0627\u0644\u0627\u062a\u0635\u0627\u0644\/","og_site_name":"Tandem Training Center","article_publisher":"https:\/\/www.facebook.com\/tandemtrainingcenter","article_modified_time":"2025-10-25T13:03:44+00:00","og_image":[{"width":760,"height":551,"url":"https:\/\/www.tandem-tunisie.com\/wp-content\/uploads\/2025\/10\/IMG_1715090750663A353EA5D6C.png","type":"image\/png"}],"twitter_card":"summary_large_image","twitter_title":"Contact","twitter_misc":{"\u0648\u0642\u062a \u0627\u0644\u0642\u0631\u0627\u0621\u0629 \u0627\u0644\u0645\u064f\u0642\u062f\u0651\u0631":"\u062f\u0642\u064a\u0642\u0629 \u0648\u0627\u062d\u062f\u0629"},"schema":{"@context":"https:\/\/schema.org","@graph":[{"@type":"WebPage","@id":"https:\/\/www.tandem-tunisie.com\/contact\/","url":"https:\/\/www.tandem-tunisie.com\/contact\/","name":"Contactez Tandem Tunisie \u2013 Renseignements et inscriptions","isPartOf":{"@id":"https:\/\/www.tandem-tunisie.com\/#website"},"datePublished":"2025-09-23T18:49:41+00:00","dateModified":"2025-10-25T13:03:44+00:00","description":"Besoin d\u2019informations sur nos cours ou formations ? Contactez Tandem Tunisie d\u00e8s aujourd\u2019hui : t\u00e9l\u00e9phone, email ou formulaire en ligne.","breadcrumb":{"@id":"https:\/\/www.tandem-tunisie.com\/contact\/#breadcrumb"},"inLanguage":"ar","potentialAction":[{"@type":"ReadAction","target":["https:\/\/www.tandem-tunisie.com\/contact\/"]}]},{"@type":"BreadcrumbList","@id":"https:\/\/www.tandem-tunisie.com\/contact\/#breadcrumb","itemListElement":[{"@type":"ListItem","position":1,"name":"Home","item":"https:\/\/www.tandem-tunisie.com\/"},{"@type":"ListItem","position":2,"name":"Contact"}]},{"@type":"WebSite","@id":"https:\/\/www.tandem-tunisie.com\/#website","url":"https:\/\/www.tandem-tunisie.com\/","name":"Tandem Training Center","description":"","publisher":{"@id":"https:\/\/www.tandem-tunisie.com\/#organization"},"potentialAction":[{"@type":"SearchAction","target":{"@type":"EntryPoint","urlTemplate":"https:\/\/www.tandem-tunisie.com\/?s={search_term_string}"},"query-input":{"@type":"PropertyValueSpecification","valueRequired":true,"valueName":"search_term_string"}}],"inLanguage":"ar"},{"@type":"Organization","@id":"https:\/\/www.tandem-tunisie.com\/#organization","name":"Tandem Training Center","url":"https:\/\/www.tandem-tunisie.com\/","logo":{"@type":"ImageObject","inLanguage":"ar","@id":"https:\/\/www.tandem-tunisie.com\/#\/schema\/logo\/image\/","url":"https:\/\/www.tandem-tunisie.com\/wp-content\/uploads\/2025\/08\/Tandem-\u2013-Centre-de-formation-en-langues.png","contentUrl":"https:\/\/www.tandem-tunisie.com\/wp-content\/uploads\/2025\/08\/Tandem-\u2013-Centre-de-formation-en-langues.png","width":158,"height":158,"caption":"Tandem Training Center"},"image":{"@id":"https:\/\/www.tandem-tunisie.com\/#\/schema\/logo\/image\/"},"sameAs":["https:\/\/www.facebook.com\/tandemtrainingcenter","https:\/\/www.instagram.com\/tandem_training_center\/"]}]}},"_links":{"self":[{"href":"https:\/\/www.tandem-tunisie.com\/ar\/wp-json\/wp\/v2\/pages\/1066","targetHints":{"allow":["GET"]}}],"collection":[{"href":"https:\/\/www.tandem-tunisie.com\/ar\/wp-json\/wp\/v2\/pages"}],"about":[{"href":"https:\/\/www.tandem-tunisie.com\/ar\/wp-json\/wp\/v2\/types\/page"}],"author":[{"embeddable":true,"href":"https:\/\/www.tandem-tunisie.com\/ar\/wp-json\/wp\/v2\/users\/1"}],"replies":[{"embeddable":true,"href":"https:\/\/www.tandem-tunisie.com\/ar\/wp-json\/wp\/v2\/comments?post=1066"}],"version-history":[{"count":19,"href":"https:\/\/www.tandem-tunisie.com\/ar\/wp-json\/wp\/v2\/pages\/1066\/revisions"}],"predecessor-version":[{"id":1372,"href":"https:\/\/www.tandem-tunisie.com\/ar\/wp-json\/wp\/v2\/pages\/1066\/revisions\/1372"}],"wp:attachment":[{"href":"https:\/\/www.tandem-tunisie.com\/ar\/wp-json\/wp\/v2\/media?parent=1066"}],"curies":[{"name":"wp","href":"https:\/\/api.w.org\/{rel}","templated":true}]}}